{"id":7678,"date":"2022-01-03T13:19:57","date_gmt":"2022-01-03T13:19:57","guid":{"rendered":"https:\/\/kb.mailfence.com\/arquivo-da-base-de-conhecimento\/"},"modified":"2025-01-29T08:58:00","modified_gmt":"2025-01-29T08:58:00","slug":"arquivo-da-base-de-conhecimento","status":"publish","type":"page","link":"https:\/\/kb.mailfence.com\/pt\/arquivo-da-base-de-conhecimento\/","title":{"rendered":"Arquivo da base de conhecimento"},"content":{"rendered":"<p>Esta \u00e9 a p\u00e1gina de arquivo da base de conhecimento padr\u00e3o<\/p>\n","protected":false},"excerpt":{"rendered":"<p>Esta \u00e9 a p\u00e1gina de arquivo da base de conhecimento padr\u00e3o<\/p>\n","protected":false},"author":1,"featured_media":0,"parent":0,"menu_order":0,"comment_status":"closed","ping_status":"closed","template":"","meta":{"footnotes":""},"class_list":["post-7678","page","type-page","status-publish","hentry"],"yoast_head":"<!-- This site is optimized with the Yoast SEO Premium plugin v27.2 (Yoast SEO v27.2) - https:\/\/yoast.com\/product\/yoast-seo-premium-wordpress\/ -->\n<title>A base de conhecimento do Mailfence<\/title>\n<meta name=\"description\" content=\"P\u00e1gina de arquivo da base de conhecimento padr\u00e3o.\" \/>\n<meta name=\"robots\" content=\"index, follow, max-snippet:-1, max-image-preview:large, max-video-preview:-1\" \/>\n<link rel=\"canonical\" href=\"https:\/\/kb.mailfence.com\/pt\/arquivo-da-base-de-conhecimento\/\" \/>\n<meta property=\"og:locale\" content=\"pt_BR\" \/>\n<meta property=\"og:type\" content=\"article\" \/>\n<meta property=\"og:title\" content=\"Arquivo da base de conhecimento - Mailfence Support %\" \/>\n<meta property=\"og:description\" content=\"P\u00e1gina de arquivo da base de conhecimento padr\u00e3o.\" \/>\n<meta property=\"og:url\" content=\"https:\/\/kb.mailfence.com\/pt\/arquivo-da-base-de-conhecimento\/\" \/>\n<meta property=\"og:site_name\" content=\"Mailfence Support\" \/>\n<meta property=\"article:publisher\" content=\"https:\/\/www.facebook.com\/mailfence\/\" \/>\n<meta property=\"article:modified_time\" content=\"2025-01-29T08:58:00+00:00\" \/>\n<meta property=\"og:image\" content=\"https:\/\/kb.mailfence.com\/wp-content\/uploads\/2022\/08\/SOCIAL-IMAGE-blog-KB.png\" \/>\n\t<meta property=\"og:image:width\" content=\"1536\" \/>\n\t<meta property=\"og:image:height\" content=\"768\" \/>\n\t<meta property=\"og:image:type\" content=\"image\/png\" \/>\n<meta name=\"twitter:card\" content=\"summary_large_image\" \/>\n<meta name=\"twitter:description\" content=\"P\u00e1gina de arquivo da base de conhecimento padr\u00e3o.\" \/>\n<meta name=\"twitter:site\" content=\"@mailfence\" \/>\n<script type=\"application\/ld+json\" class=\"yoast-schema-graph\">{\"@context\":\"https:\/\/schema.org\",\"@graph\":[{\"@type\":\"TechArticle\",\"@id\":\"https:\/\/kb.mailfence.com\/pt\/arquivo-da-base-de-conhecimento\/#article\",\"isPartOf\":{\"@id\":\"https:\/\/kb.mailfence.com\/pt\/arquivo-da-base-de-conhecimento\/\"},\"author\":{\"name\":\"Mailfence Support\",\"@id\":\"https:\/\/kb.mailfence.com\/pt\/#\/schema\/person\/2ef2930e7a1ee7003aaeb419def643cd\"},\"headline\":\"Arquivo da base de conhecimento\",\"datePublished\":\"2022-01-03T13:19:57+00:00\",\"dateModified\":\"2025-01-29T08:58:00+00:00\",\"mainEntityOfPage\":{\"@id\":\"https:\/\/kb.mailfence.com\/pt\/arquivo-da-base-de-conhecimento\/\"},\"wordCount\":17,\"publisher\":{\"@id\":\"https:\/\/kb.mailfence.com\/pt\/#organization\"},\"inLanguage\":\"pt-BR\"},{\"@type\":\"WebPage\",\"@id\":\"https:\/\/kb.mailfence.com\/pt\/arquivo-da-base-de-conhecimento\/\",\"url\":\"https:\/\/kb.mailfence.com\/pt\/arquivo-da-base-de-conhecimento\/\",\"name\":\"A base de conhecimento do Mailfence\",\"isPartOf\":{\"@id\":\"https:\/\/kb.mailfence.com\/pt\/#website\"},\"datePublished\":\"2022-01-03T13:19:57+00:00\",\"dateModified\":\"2025-01-29T08:58:00+00:00\",\"description\":\"P\u00e1gina de arquivo da base de conhecimento padr\u00e3o.\",\"breadcrumb\":{\"@id\":\"https:\/\/kb.mailfence.com\/pt\/arquivo-da-base-de-conhecimento\/#breadcrumb\"},\"inLanguage\":\"pt-BR\",\"potentialAction\":[{\"@type\":\"ReadAction\",\"target\":[\"https:\/\/kb.mailfence.com\/pt\/arquivo-da-base-de-conhecimento\/\"]}]},{\"@type\":\"BreadcrumbList\",\"@id\":\"https:\/\/kb.mailfence.com\/pt\/arquivo-da-base-de-conhecimento\/#breadcrumb\",\"itemListElement\":[{\"@type\":\"ListItem\",\"position\":1,\"name\":\"In\u00edcio\",\"item\":\"https:\/\/kb.mailfence.com\/pt\/\"},{\"@type\":\"ListItem\",\"position\":2,\"name\":\"Arquivo da base de conhecimento\"}]},{\"@type\":\"WebSite\",\"@id\":\"https:\/\/kb.mailfence.com\/pt\/#website\",\"url\":\"https:\/\/kb.mailfence.com\/pt\/\",\"name\":\"Mailfence Support\",\"description\":\"Secure and private email suite\",\"publisher\":{\"@id\":\"https:\/\/kb.mailfence.com\/pt\/#organization\"},\"potentialAction\":[{\"@type\":\"SearchAction\",\"target\":{\"@type\":\"EntryPoint\",\"urlTemplate\":\"https:\/\/kb.mailfence.com\/pt\/?s={search_term_string}\"},\"query-input\":{\"@type\":\"PropertyValueSpecification\",\"valueRequired\":true,\"valueName\":\"search_term_string\"}}],\"inLanguage\":\"pt-BR\"},{\"@type\":\"Organization\",\"@id\":\"https:\/\/kb.mailfence.com\/pt\/#organization\",\"name\":\"Mailfence\",\"url\":\"https:\/\/kb.mailfence.com\/pt\/\",\"logo\":{\"@type\":\"ImageObject\",\"inLanguage\":\"pt-BR\",\"@id\":\"https:\/\/kb.mailfence.com\/pt\/#\/schema\/logo\/image\/\",\"url\":\"https:\/\/kb.mailfence.com\/wp-content\/uploads\/2022\/08\/mailfence-logo-envelope-and-text.png\",\"contentUrl\":\"https:\/\/kb.mailfence.com\/wp-content\/uploads\/2022\/08\/mailfence-logo-envelope-and-text.png\",\"width\":4961,\"height\":850,\"caption\":\"Mailfence\"},\"image\":{\"@id\":\"https:\/\/kb.mailfence.com\/pt\/#\/schema\/logo\/image\/\"},\"sameAs\":[\"https:\/\/www.facebook.com\/mailfence\/\",\"https:\/\/x.com\/mailfence\",\"https:\/\/www.instagram.com\/mailfence_\/\",\"https:\/\/www.linkedin.com\/company\/mailfence\",\"https:\/\/www.pinterest.com\/mailfence_com\/\",\"https:\/\/www.youtube.com\/@mailfence\",\"https:\/\/en.wikipedia.org\/wiki\/Mailfence\"]},{\"@type\":\"Person\",\"@id\":\"https:\/\/kb.mailfence.com\/pt\/#\/schema\/person\/2ef2930e7a1ee7003aaeb419def643cd\",\"name\":\"Mailfence Support\",\"image\":{\"@type\":\"ImageObject\",\"inLanguage\":\"pt-BR\",\"@id\":\"https:\/\/secure.gravatar.com\/avatar\/74ad1dfb6ee5a350f92123d2a8ce5cf95dbed666169690013c77801d2c837927?s=96&d=mm&r=g\",\"url\":\"https:\/\/secure.gravatar.com\/avatar\/74ad1dfb6ee5a350f92123d2a8ce5cf95dbed666169690013c77801d2c837927?s=96&d=mm&r=g\",\"contentUrl\":\"https:\/\/secure.gravatar.com\/avatar\/74ad1dfb6ee5a350f92123d2a8ce5cf95dbed666169690013c77801d2c837927?s=96&d=mm&r=g\",\"caption\":\"Mailfence Support\"},\"description\":\"End-to-end encrypted e-mail service that values and respects your privacy without compromising the ease-of-use. @mailfence @mailfence_fr\",\"sameAs\":[\"https:\/\/www.mailfence.com\",\"https:\/\/www.facebook.com\/mailfence\",\"https:\/\/www.linkedin.com\/company\/mailfence\",\"https:\/\/x.com\/mailfence\",\"https:\/\/en.wikipedia.org\/wiki\/Mailfence\"],\"url\":\"https:\/\/kb.mailfence.com\/pt\/author\/kbmfadmin\/\"}]}<\/script>\n<!-- \/ Yoast SEO Premium plugin. -->","yoast_head_json":{"title":"A base de conhecimento do Mailfence","description":"P\u00e1gina de arquivo da base de conhecimento padr\u00e3o.","robots":{"index":"index","follow":"follow","max-snippet":"max-snippet:-1","max-image-preview":"max-image-preview:large","max-video-preview":"max-video-preview:-1"},"canonical":"https:\/\/kb.mailfence.com\/pt\/arquivo-da-base-de-conhecimento\/","og_locale":"pt_BR","og_type":"article","og_title":"Arquivo da base de conhecimento - Mailfence Support %","og_description":"P\u00e1gina de arquivo da base de conhecimento padr\u00e3o.","og_url":"https:\/\/kb.mailfence.com\/pt\/arquivo-da-base-de-conhecimento\/","og_site_name":"Mailfence Support","article_publisher":"https:\/\/www.facebook.com\/mailfence\/","article_modified_time":"2025-01-29T08:58:00+00:00","og_image":[{"width":1536,"height":768,"url":"https:\/\/kb.mailfence.com\/wp-content\/uploads\/2022\/08\/SOCIAL-IMAGE-blog-KB.png","type":"image\/png"}],"twitter_card":"summary_large_image","twitter_description":"P\u00e1gina de arquivo da base de conhecimento padr\u00e3o.","twitter_site":"@mailfence","schema":{"@context":"https:\/\/schema.org","@graph":[{"@type":"TechArticle","@id":"https:\/\/kb.mailfence.com\/pt\/arquivo-da-base-de-conhecimento\/#article","isPartOf":{"@id":"https:\/\/kb.mailfence.com\/pt\/arquivo-da-base-de-conhecimento\/"},"author":{"name":"Mailfence Support","@id":"https:\/\/kb.mailfence.com\/pt\/#\/schema\/person\/2ef2930e7a1ee7003aaeb419def643cd"},"headline":"Arquivo da base de conhecimento","datePublished":"2022-01-03T13:19:57+00:00","dateModified":"2025-01-29T08:58:00+00:00","mainEntityOfPage":{"@id":"https:\/\/kb.mailfence.com\/pt\/arquivo-da-base-de-conhecimento\/"},"wordCount":17,"publisher":{"@id":"https:\/\/kb.mailfence.com\/pt\/#organization"},"inLanguage":"pt-BR"},{"@type":"WebPage","@id":"https:\/\/kb.mailfence.com\/pt\/arquivo-da-base-de-conhecimento\/","url":"https:\/\/kb.mailfence.com\/pt\/arquivo-da-base-de-conhecimento\/","name":"A base de conhecimento do Mailfence","isPartOf":{"@id":"https:\/\/kb.mailfence.com\/pt\/#website"},"datePublished":"2022-01-03T13:19:57+00:00","dateModified":"2025-01-29T08:58:00+00:00","description":"P\u00e1gina de arquivo da base de conhecimento padr\u00e3o.","breadcrumb":{"@id":"https:\/\/kb.mailfence.com\/pt\/arquivo-da-base-de-conhecimento\/#breadcrumb"},"inLanguage":"pt-BR","potentialAction":[{"@type":"ReadAction","target":["https:\/\/kb.mailfence.com\/pt\/arquivo-da-base-de-conhecimento\/"]}]},{"@type":"BreadcrumbList","@id":"https:\/\/kb.mailfence.com\/pt\/arquivo-da-base-de-conhecimento\/#breadcrumb","itemListElement":[{"@type":"ListItem","position":1,"name":"In\u00edcio","item":"https:\/\/kb.mailfence.com\/pt\/"},{"@type":"ListItem","position":2,"name":"Arquivo da base de conhecimento"}]},{"@type":"WebSite","@id":"https:\/\/kb.mailfence.com\/pt\/#website","url":"https:\/\/kb.mailfence.com\/pt\/","name":"Mailfence Support","description":"Secure and private email suite","publisher":{"@id":"https:\/\/kb.mailfence.com\/pt\/#organization"},"potentialAction":[{"@type":"SearchAction","target":{"@type":"EntryPoint","urlTemplate":"https:\/\/kb.mailfence.com\/pt\/?s={search_term_string}"},"query-input":{"@type":"PropertyValueSpecification","valueRequired":true,"valueName":"search_term_string"}}],"inLanguage":"pt-BR"},{"@type":"Organization","@id":"https:\/\/kb.mailfence.com\/pt\/#organization","name":"Mailfence","url":"https:\/\/kb.mailfence.com\/pt\/","logo":{"@type":"ImageObject","inLanguage":"pt-BR","@id":"https:\/\/kb.mailfence.com\/pt\/#\/schema\/logo\/image\/","url":"https:\/\/kb.mailfence.com\/wp-content\/uploads\/2022\/08\/mailfence-logo-envelope-and-text.png","contentUrl":"https:\/\/kb.mailfence.com\/wp-content\/uploads\/2022\/08\/mailfence-logo-envelope-and-text.png","width":4961,"height":850,"caption":"Mailfence"},"image":{"@id":"https:\/\/kb.mailfence.com\/pt\/#\/schema\/logo\/image\/"},"sameAs":["https:\/\/www.facebook.com\/mailfence\/","https:\/\/x.com\/mailfence","https:\/\/www.instagram.com\/mailfence_\/","https:\/\/www.linkedin.com\/company\/mailfence","https:\/\/www.pinterest.com\/mailfence_com\/","https:\/\/www.youtube.com\/@mailfence","https:\/\/en.wikipedia.org\/wiki\/Mailfence"]},{"@type":"Person","@id":"https:\/\/kb.mailfence.com\/pt\/#\/schema\/person\/2ef2930e7a1ee7003aaeb419def643cd","name":"Mailfence Support","image":{"@type":"ImageObject","inLanguage":"pt-BR","@id":"https:\/\/secure.gravatar.com\/avatar\/74ad1dfb6ee5a350f92123d2a8ce5cf95dbed666169690013c77801d2c837927?s=96&d=mm&r=g","url":"https:\/\/secure.gravatar.com\/avatar\/74ad1dfb6ee5a350f92123d2a8ce5cf95dbed666169690013c77801d2c837927?s=96&d=mm&r=g","contentUrl":"https:\/\/secure.gravatar.com\/avatar\/74ad1dfb6ee5a350f92123d2a8ce5cf95dbed666169690013c77801d2c837927?s=96&d=mm&r=g","caption":"Mailfence Support"},"description":"End-to-end encrypted e-mail service that values and respects your privacy without compromising the ease-of-use. @mailfence @mailfence_fr","sameAs":["https:\/\/www.mailfence.com","https:\/\/www.facebook.com\/mailfence","https:\/\/www.linkedin.com\/company\/mailfence","https:\/\/x.com\/mailfence","https:\/\/en.wikipedia.org\/wiki\/Mailfence"],"url":"https:\/\/kb.mailfence.com\/pt\/author\/kbmfadmin\/"}]}},"_links":{"self":[{"href":"https:\/\/kb.mailfence.com\/pt\/wp-json\/wp\/v2\/pages\/7678","targetHints":{"allow":["GET"]}}],"collection":[{"href":"https:\/\/kb.mailfence.com\/pt\/wp-json\/wp\/v2\/pages"}],"about":[{"href":"https:\/\/kb.mailfence.com\/pt\/wp-json\/wp\/v2\/types\/page"}],"author":[{"embeddable":true,"href":"https:\/\/kb.mailfence.com\/pt\/wp-json\/wp\/v2\/users\/1"}],"replies":[{"embeddable":true,"href":"https:\/\/kb.mailfence.com\/pt\/wp-json\/wp\/v2\/comments?post=7678"}],"version-history":[{"count":1,"href":"https:\/\/kb.mailfence.com\/pt\/wp-json\/wp\/v2\/pages\/7678\/revisions"}],"predecessor-version":[{"id":7682,"href":"https:\/\/kb.mailfence.com\/pt\/wp-json\/wp\/v2\/pages\/7678\/revisions\/7682"}],"wp:attachment":[{"href":"https:\/\/kb.mailfence.com\/pt\/wp-json\/wp\/v2\/media?parent=7678"}],"curies":[{"name":"wp","href":"https:\/\/api.w.org\/{rel}","templated":true}]}}